{"id":143305,"date":"2022-02-21T17:40:31","date_gmt":"2022-02-21T17:40:31","guid":{"rendered":"https:\/\/www.fincasalmendros.com\/serveis-immobiliaris-a-barcelona\/"},"modified":"2024-07-03T16:05:20","modified_gmt":"2024-07-03T16:05:20","slug":"serveis-immobiliaris-a-barcelona","status":"publish","type":"page","link":"https:\/\/www.fincasalmendros.com\/ca\/serveis-immobiliaris-a-barcelona\/","title":{"rendered":"Serveis immobiliaris a Barcelona"},"content":{"rendered":"\t\t<div data-elementor-type=\"wp-page\" data-elementor-id=\"143305\" class=\"elementor elementor-143305 elementor-2784\" data-elementor-post-type=\"page\">\n\t\t\t\t\t\t<section class=\"elementor-section elementor-top-section elementor-element elementor-element-5b22bbe elementor-section-boxed elementor-section-height-default elementor-section-height-default\" data-id=\"5b22bbe\" data-element_type=\"section\" data-e-type=\"section\" data-settings=\"{&quot;background_background&quot;:&quot;classic&quot;}\">\n\t\t\t\t\t\t<div class=\"elementor-container elementor-column-gap-wider\">\n\t\t\t\t\t<div class=\"elementor-column elementor-col-100 elementor-top-column elementor-element elementor-element-a5fe95d\" data-id=\"a5fe95d\" data-element_type=\"column\" data-e-type=\"column\">\n\t\t\t<div class=\"elementor-widget-wrap elementor-element-populated\">\n\t\t\t\t\t\t<div class=\"elementor-element elementor-element-3bf6dd8 elementor-widget elementor-widget-heading\" data-id=\"3bf6dd8\" data-element_type=\"widget\" data-e-type=\"widget\" data-widget_type=\"heading.default\">\n\t\t\t\t\t<h2 class=\"elementor-heading-title elementor-size-default\">Oferim una \u00e0mplia gamma de <b>serveis immobiliaris<\/b> per satisfer diverses necessitats de propietaris i llogaters:<\/h2>\t\t\t\t<\/div>\n\t\t\t\t<div class=\"elementor-element elementor-element-5e735d8 elementor-widget-divider--view-line elementor-widget elementor-widget-divider\" data-id=\"5e735d8\" data-element_type=\"widget\" data-e-type=\"widget\" data-widget_type=\"divider.default\">\n\t\t\t\t\t\t\t<div class=\"elementor-divider\">\n\t\t\t<span class=\"elementor-divider-separator\">\n\t\t\t\t\t\t<\/span>\n\t\t<\/div>\n\t\t\t\t\t\t<\/div>\n\t\t\t\t<section class=\"elementor-section elementor-inner-section elementor-element elementor-element-3e5178b elementor-section-boxed elementor-section-height-default elementor-section-height-default\" data-id=\"3e5178b\" data-element_type=\"section\" data-e-type=\"section\">\n\t\t\t\t\t\t<div class=\"elementor-container elementor-column-gap-default\">\n\t\t\t\t\t<div class=\"elementor-column elementor-col-100 elementor-inner-column elementor-element elementor-element-1a0460f\" data-id=\"1a0460f\" data-element_type=\"column\" data-e-type=\"column\">\n\t\t\t<div class=\"elementor-widget-wrap elementor-element-populated\">\n\t\t\t\t\t\t<div class=\"elementor-element elementor-element-3a2a223 descrip-bullets elementor-widget elementor-widget-text-editor\" data-id=\"3a2a223\" data-element_type=\"widget\" data-e-type=\"widget\" data-widget_type=\"text-editor.default\">\n\t\t\t\t\t\t\t\t\t<p>Valoraci\u00f3 i taxaci\u00f3 d&#8217;immobles, essencials en un mercat en canvi constant<\/p><p>Assegurances immobili\u00e0ries per oferir cobertura davant de possibles incidents<\/p><p>Suport legal i contractual, tan necessari en aquest sector<\/p><p>Professionals per a reformes, des de petites reparacions fins a construccions completes<\/p><p>Assist\u00e8ncia per negociar hipoteques<\/p><p>Home Staging per millorar la imatge dels immobles i accelerar-ne la venda o el lloguer<\/p><p>An\u00e0lisi de patrimonis immobiliaris per maximitzar rendibilitats<\/p><p>Asseguran\u00e7a d&#8217;impagament de lloguers per garantir el cobrament de rendes davant d&#8217;incompliments d&#8217;inquilins<\/p>\t\t\t\t\t\t\t\t<\/div>\n\t\t\t\t\t<\/div>\n\t\t<\/div>\n\t\t\t\t\t<\/div>\n\t\t<\/section>\n\t\t\t\t\t<\/div>\n\t\t<\/div>\n\t\t\t\t\t<\/div>\n\t\t<\/section>\n\t\t\t\t<section class=\"elementor-section elementor-top-section elementor-element elementor-element-5b605a68 elementor-reverse-mobile elementor-section-boxed elementor-section-height-default elementor-section-height-default\" data-id=\"5b605a68\" data-element_type=\"section\" data-e-type=\"section\" data-settings=\"{&quot;background_background&quot;:&quot;classic&quot;}\">\n\t\t\t\t\t\t<div class=\"elementor-container elementor-column-gap-default\">\n\t\t\t\t\t<div class=\"elementor-column elementor-col-100 elementor-top-column elementor-element elementor-element-6f84df18\" data-id=\"6f84df18\" data-element_type=\"column\" data-e-type=\"column\">\n\t\t\t<div class=\"elementor-widget-wrap elementor-element-populated\">\n\t\t\t\t\t\t<section class=\"elementor-section elementor-inner-section elementor-element elementor-element-457cae5b elementor-section-full_width elementor-section-height-default elementor-section-height-default\" data-id=\"457cae5b\" data-element_type=\"section\" data-e-type=\"section\">\n\t\t\t\t\t\t<div class=\"elementor-container elementor-column-gap-default\">\n\t\t\t\t\t<div class=\"elementor-column elementor-col-50 elementor-inner-column elementor-element elementor-element-6d265d76\" data-id=\"6d265d76\" data-element_type=\"column\" data-e-type=\"column\" data-settings=\"{&quot;background_background&quot;:&quot;classic&quot;}\">\n\t\t\t<div class=\"elementor-widget-wrap elementor-element-populated\">\n\t\t\t\t\t<div class=\"elementor-background-overlay\"><\/div>\n\t\t\t\t\t\t<div class=\"elementor-element elementor-element-6740e66 elementor-widget elementor-widget-heading\" data-id=\"6740e66\" data-element_type=\"widget\" data-e-type=\"widget\" data-widget_type=\"heading.default\">\n\t\t\t\t\t<h3 class=\"elementor-heading-title elementor-size-default\">Valoraci&oacute; i taxaci&oacute; d&rsquo;immobles<\/h3>\t\t\t\t<\/div>\n\t\t\t\t<div class=\"elementor-element elementor-element-30f8869 elementor-widget-divider--view-line elementor-widget elementor-widget-divider\" data-id=\"30f8869\" data-element_type=\"widget\" data-e-type=\"widget\" data-widget_type=\"divider.default\">\n\t\t\t\t\t\t\t<div class=\"elementor-divider\">\n\t\t\t<span class=\"elementor-divider-separator\">\n\t\t\t\t\t\t<\/span>\n\t\t<\/div>\n\t\t\t\t\t\t<\/div>\n\t\t\t\t<div class=\"elementor-element elementor-element-769cb767 elementor-widget elementor-widget-text-editor\" data-id=\"769cb767\" data-element_type=\"widget\" data-e-type=\"widget\" data-widget_type=\"text-editor.default\">\n\t\t\t\t\t\t\t\t\t<p>El mercat immobiliari varia constantment i el valor dels immobles varia cont&iacute;nuament. Quan necessites la valoraci&oacute; d&apos;un immoble a Barcelona, &eacute;s important que estigui ben documentada i que la realitzi un professional amb experi&egrave;ncia.<\/p>\n\t\t\t\t\t\t\t\t<\/div>\n\t\t\t\t<div class=\"elementor-element elementor-element-653208af elementor-widget elementor-widget-button\" data-id=\"653208af\" data-element_type=\"widget\" data-e-type=\"widget\" data-widget_type=\"button.default\">\n\t\t\t\t\t\t\t\t\t\t<a class=\"elementor-button elementor-button-link elementor-size-sm\" href=\"https:\/\/www.fincasalmendros.com\/ca\/valoraci-i-taxaci-dimmobles\/\">\n\t\t\t\t\t\t<span class=\"elementor-button-content-wrapper\">\n\t\t\t\t\t\t\t\t\t<span class=\"elementor-button-text\">SEGUEIX LLEGINT<\/span>\n\t\t\t\t\t<\/span>\n\t\t\t\t\t<\/a>\n\t\t\t\t\t\t\t\t<\/div>\n\t\t\t\t\t<\/div>\n\t\t<\/div>\n\t\t\t\t<div class=\"elementor-column elementor-col-50 elementor-inner-column elementor-element elementor-element-5f635b2\" data-id=\"5f635b2\" data-element_type=\"column\" data-e-type=\"column\" data-settings=\"{&quot;background_background&quot;:&quot;classic&quot;}\">\n\t\t\t<div class=\"elementor-widget-wrap elementor-element-populated\">\n\t\t\t\t\t<div class=\"elementor-background-overlay\"><\/div>\n\t\t\t\t\t\t<div class=\"elementor-element elementor-element-6006892 elementor-widget elementor-widget-heading\" data-id=\"6006892\" data-element_type=\"widget\" data-e-type=\"widget\" data-widget_type=\"heading.default\">\n\t\t\t\t\t<h3 class=\"elementor-heading-title elementor-size-default\">Assegurances d&apos;immobles<\/h3>\t\t\t\t<\/div>\n\t\t\t\t<div class=\"elementor-element elementor-element-6b0eabd elementor-widget-divider--view-line elementor-widget elementor-widget-divider\" data-id=\"6b0eabd\" data-element_type=\"widget\" data-e-type=\"widget\" data-widget_type=\"divider.default\">\n\t\t\t\t\t\t\t<div class=\"elementor-divider\">\n\t\t\t<span class=\"elementor-divider-separator\">\n\t\t\t\t\t\t<\/span>\n\t\t<\/div>\n\t\t\t\t\t\t<\/div>\n\t\t\t\t<div class=\"elementor-element elementor-element-9efccf4 elementor-widget elementor-widget-text-editor\" data-id=\"9efccf4\" data-element_type=\"widget\" data-e-type=\"widget\" data-widget_type=\"text-editor.default\">\n\t\t\t\t\t\t\t\t\t<p>Com a propietari d\u00b4un immoble, tant si &eacute;s d\u00b4&uacute;s propi com si el llogues a tercers, &eacute;s important que el tinguis assegurat davant de qualsevol possible incid&egrave;ncia (incendi, robatori, goteres, inundaci&oacute;, fuga\u2026).<\/p>\n\t\t\t\t\t\t\t\t<\/div>\n\t\t\t\t<div class=\"elementor-element elementor-element-00a718b elementor-widget elementor-widget-button\" data-id=\"00a718b\" data-element_type=\"widget\" data-e-type=\"widget\" data-widget_type=\"button.default\">\n\t\t\t\t\t\t\t\t\t\t<a class=\"elementor-button elementor-button-link elementor-size-sm\" href=\"https:\/\/www.fincasalmendros.com\/ca\/assegurances-per-a-immobles\/\">\n\t\t\t\t\t\t<span class=\"elementor-button-content-wrapper\">\n\t\t\t\t\t\t\t\t\t<span class=\"elementor-button-text\">SEGUEIX LLEGINT<\/span>\n\t\t\t\t\t<\/span>\n\t\t\t\t\t<\/a>\n\t\t\t\t\t\t\t\t<\/div>\n\t\t\t\t\t<\/div>\n\t\t<\/div>\n\t\t\t\t\t<\/div>\n\t\t<\/section>\n\t\t\t\t<section class=\"elementor-section elementor-inner-section elementor-element elementor-element-d92cfd0 elementor-section-full_width elementor-section-height-default elementor-section-height-default\" data-id=\"d92cfd0\" data-element_type=\"section\" data-e-type=\"section\">\n\t\t\t\t\t\t<div class=\"elementor-container elementor-column-gap-default\">\n\t\t\t\t\t<div class=\"elementor-column elementor-col-50 elementor-inner-column elementor-element elementor-element-1d0c5c1\" data-id=\"1d0c5c1\" data-element_type=\"column\" data-e-type=\"column\" data-settings=\"{&quot;background_background&quot;:&quot;classic&quot;}\">\n\t\t\t<div class=\"elementor-widget-wrap elementor-element-populated\">\n\t\t\t\t\t<div class=\"elementor-background-overlay\"><\/div>\n\t\t\t\t\t\t<div class=\"elementor-element elementor-element-ca877c2 elementor-widget elementor-widget-heading\" data-id=\"ca877c2\" data-element_type=\"widget\" data-e-type=\"widget\" data-widget_type=\"heading.default\">\n\t\t\t\t\t<h3 class=\"elementor-heading-title elementor-size-default\">Legal i contractual<\/h3>\t\t\t\t<\/div>\n\t\t\t\t<div class=\"elementor-element elementor-element-b54eade elementor-widget-divider--view-line elementor-widget elementor-widget-divider\" data-id=\"b54eade\" data-element_type=\"widget\" data-e-type=\"widget\" data-widget_type=\"divider.default\">\n\t\t\t\t\t\t\t<div class=\"elementor-divider\">\n\t\t\t<span class=\"elementor-divider-separator\">\n\t\t\t\t\t\t<\/span>\n\t\t<\/div>\n\t\t\t\t\t\t<\/div>\n\t\t\t\t<div class=\"elementor-element elementor-element-f433aee elementor-widget elementor-widget-text-editor\" data-id=\"f433aee\" data-element_type=\"widget\" data-e-type=\"widget\" data-widget_type=\"text-editor.default\">\n\t\t\t\t\t\t\t\t\t<p>&Eacute;s molt habitual necessitar suport legal i contractual al sector immobiliari, tant per administrar finques i comunitats com patrimonis immobiliaris o en operacions de compravenda i lloguer.<\/p>\n\t\t\t\t\t\t\t\t<\/div>\n\t\t\t\t<div class=\"elementor-element elementor-element-35e5b12 elementor-widget elementor-widget-button\" data-id=\"35e5b12\" data-element_type=\"widget\" data-e-type=\"widget\" data-widget_type=\"button.default\">\n\t\t\t\t\t\t\t\t\t\t<a class=\"elementor-button elementor-button-link elementor-size-sm\" href=\"https:\/\/www.fincasalmendros.com\/ca\/legal-i-contractual\/\">\n\t\t\t\t\t\t<span class=\"elementor-button-content-wrapper\">\n\t\t\t\t\t\t\t\t\t<span class=\"elementor-button-text\">SEGUEIX LLEGINT<\/span>\n\t\t\t\t\t<\/span>\n\t\t\t\t\t<\/a>\n\t\t\t\t\t\t\t\t<\/div>\n\t\t\t\t\t<\/div>\n\t\t<\/div>\n\t\t\t\t<div class=\"elementor-column elementor-col-50 elementor-inner-column elementor-element elementor-element-b56993e\" data-id=\"b56993e\" data-element_type=\"column\" data-e-type=\"column\" data-settings=\"{&quot;background_background&quot;:&quot;classic&quot;}\">\n\t\t\t<div class=\"elementor-widget-wrap elementor-element-populated\">\n\t\t\t\t\t<div class=\"elementor-background-overlay\"><\/div>\n\t\t\t\t\t\t<div class=\"elementor-element elementor-element-14f25a1 elementor-widget elementor-widget-heading\" data-id=\"14f25a1\" data-element_type=\"widget\" data-e-type=\"widget\" data-widget_type=\"heading.default\">\n\t\t\t\t\t<h3 class=\"elementor-heading-title elementor-size-default\">Obres i reformes<\/h3>\t\t\t\t<\/div>\n\t\t\t\t<div class=\"elementor-element elementor-element-688505f elementor-widget-divider--view-line elementor-widget elementor-widget-divider\" data-id=\"688505f\" data-element_type=\"widget\" data-e-type=\"widget\" data-widget_type=\"divider.default\">\n\t\t\t\t\t\t\t<div class=\"elementor-divider\">\n\t\t\t<span class=\"elementor-divider-separator\">\n\t\t\t\t\t\t<\/span>\n\t\t<\/div>\n\t\t\t\t\t\t<\/div>\n\t\t\t\t<div class=\"elementor-element elementor-element-8766810 elementor-widget elementor-widget-text-editor\" data-id=\"8766810\" data-element_type=\"widget\" data-e-type=\"widget\" data-widget_type=\"text-editor.default\">\n\t\t\t\t\t\t\t\t\t<p>Reformar el teu habitatge, local o oficina es pot fer una muntanya i et pot exigir molt m&eacute;s temps de qu&egrave; disposes. Per a aquests casos, comptem amb una extensa xarxa d&apos;industrials capa&ccedil;os de reparar una aixeta fins a construir una casa des dels fonaments.<\/p>\n\t\t\t\t\t\t\t\t<\/div>\n\t\t\t\t<div class=\"elementor-element elementor-element-1dec013 elementor-widget elementor-widget-button\" data-id=\"1dec013\" data-element_type=\"widget\" data-e-type=\"widget\" data-widget_type=\"button.default\">\n\t\t\t\t\t\t\t\t\t\t<a class=\"elementor-button elementor-button-link elementor-size-sm\" href=\"https:\/\/www.fincasalmendros.com\/ca\/obres-i-reformes\/\">\n\t\t\t\t\t\t<span class=\"elementor-button-content-wrapper\">\n\t\t\t\t\t\t\t\t\t<span class=\"elementor-button-text\">SEGUEIX LLEGINT<\/span>\n\t\t\t\t\t<\/span>\n\t\t\t\t\t<\/a>\n\t\t\t\t\t\t\t\t<\/div>\n\t\t\t\t\t<\/div>\n\t\t<\/div>\n\t\t\t\t\t<\/div>\n\t\t<\/section>\n\t\t\t\t<section class=\"elementor-section elementor-inner-section elementor-element elementor-element-9e115e8 elementor-section-full_width elementor-section-height-default elementor-section-height-default\" data-id=\"9e115e8\" data-element_type=\"section\" data-e-type=\"section\">\n\t\t\t\t\t\t<div class=\"elementor-container elementor-column-gap-default\">\n\t\t\t\t\t<div class=\"elementor-column elementor-col-50 elementor-inner-column elementor-element elementor-element-7657e4f\" data-id=\"7657e4f\" data-element_type=\"column\" data-e-type=\"column\" data-settings=\"{&quot;background_background&quot;:&quot;classic&quot;}\">\n\t\t\t<div class=\"elementor-widget-wrap elementor-element-populated\">\n\t\t\t\t\t<div class=\"elementor-background-overlay\"><\/div>\n\t\t\t\t\t\t<div class=\"elementor-element elementor-element-9e1eec6 elementor-widget elementor-widget-heading\" data-id=\"9e1eec6\" data-element_type=\"widget\" data-e-type=\"widget\" data-widget_type=\"heading.default\">\n\t\t\t\t\t<h3 class=\"elementor-heading-title elementor-size-default\">Finan&ccedil;ament<\/h3>\t\t\t\t<\/div>\n\t\t\t\t<div class=\"elementor-element elementor-element-a82c652 elementor-widget-divider--view-line elementor-widget elementor-widget-divider\" data-id=\"a82c652\" data-element_type=\"widget\" data-e-type=\"widget\" data-widget_type=\"divider.default\">\n\t\t\t\t\t\t\t<div class=\"elementor-divider\">\n\t\t\t<span class=\"elementor-divider-separator\">\n\t\t\t\t\t\t<\/span>\n\t\t<\/div>\n\t\t\t\t\t\t<\/div>\n\t\t\t\t<div class=\"elementor-element elementor-element-268b769 elementor-widget elementor-widget-text-editor\" data-id=\"268b769\" data-element_type=\"widget\" data-e-type=\"widget\" data-widget_type=\"text-editor.default\">\n\t\t\t\t\t\t\t\t\t<p>Si necessites finan&ccedil;ament per comprar un immoble, t&rsquo;ajudarem a aconseguir la hipoteca que s&apos;adapti millor a les teves necessitats, amb les millors condicions. Tractem di&agrave;riament amb diverses de les principals entitats banc&agrave;ries a Barcelona i estem sempre al dia de les seves ofertes financeres.<\/p>\n\t\t\t\t\t\t\t\t<\/div>\n\t\t\t\t<div class=\"elementor-element elementor-element-f7e0177 elementor-widget elementor-widget-button\" data-id=\"f7e0177\" data-element_type=\"widget\" data-e-type=\"widget\" data-widget_type=\"button.default\">\n\t\t\t\t\t\t\t\t\t\t<a class=\"elementor-button elementor-button-link elementor-size-sm\" href=\"https:\/\/www.fincasalmendros.com\/ca\/financiacion-inmuebles\/\">\n\t\t\t\t\t\t<span class=\"elementor-button-content-wrapper\">\n\t\t\t\t\t\t\t\t\t<span class=\"elementor-button-text\">SEGUEIX LLEGINT<\/span>\n\t\t\t\t\t<\/span>\n\t\t\t\t\t<\/a>\n\t\t\t\t\t\t\t\t<\/div>\n\t\t\t\t\t<\/div>\n\t\t<\/div>\n\t\t\t\t<div class=\"elementor-column elementor-col-50 elementor-inner-column elementor-element elementor-element-9371b97\" data-id=\"9371b97\" data-element_type=\"column\" data-e-type=\"column\" data-settings=\"{&quot;background_background&quot;:&quot;classic&quot;}\">\n\t\t\t<div class=\"elementor-widget-wrap elementor-element-populated\">\n\t\t\t\t\t<div class=\"elementor-background-overlay\"><\/div>\n\t\t\t\t\t\t<div class=\"elementor-element elementor-element-5a091f0 elementor-widget elementor-widget-heading\" data-id=\"5a091f0\" data-element_type=\"widget\" data-e-type=\"widget\" data-widget_type=\"heading.default\">\n\t\t\t\t\t<h3 class=\"elementor-heading-title elementor-size-default\"><i>Home staging<\/i><\/h3>\t\t\t\t<\/div>\n\t\t\t\t<div class=\"elementor-element elementor-element-062d59e elementor-widget-divider--view-line elementor-widget elementor-widget-divider\" data-id=\"062d59e\" data-element_type=\"widget\" data-e-type=\"widget\" data-widget_type=\"divider.default\">\n\t\t\t\t\t\t\t<div class=\"elementor-divider\">\n\t\t\t<span class=\"elementor-divider-separator\">\n\t\t\t\t\t\t<\/span>\n\t\t<\/div>\n\t\t\t\t\t\t<\/div>\n\t\t\t\t<div class=\"elementor-element elementor-element-33b27fa elementor-widget elementor-widget-text-editor\" data-id=\"33b27fa\" data-element_type=\"widget\" data-e-type=\"widget\" data-widget_type=\"text-editor.default\">\n\t\t\t\t\t\t\t\t\t<p>Per a qu&egrave; serveix el <i>home staging<\/i>? Si quelcom ens inquieta com a professionals del sector immobiliari, &eacute;s veure com pisos amb un enorme potencial passen temps sense llogar-se o vendre&apos;s, simplement perqu&egrave; el seu estat no genera visites o inter&egrave;s per part de llogaters o compradors potencials.<\/p>\n\t\t\t\t\t\t\t\t<\/div>\n\t\t\t\t<div class=\"elementor-element elementor-element-16a34a9 elementor-widget elementor-widget-button\" data-id=\"16a34a9\" data-element_type=\"widget\" data-e-type=\"widget\" data-widget_type=\"button.default\">\n\t\t\t\t\t\t\t\t\t\t<a class=\"elementor-button elementor-button-link elementor-size-sm\" href=\"https:\/\/www.fincasalmendros.com\/ca\/home-staging\/\">\n\t\t\t\t\t\t<span class=\"elementor-button-content-wrapper\">\n\t\t\t\t\t\t\t\t\t<span class=\"elementor-button-text\">SEGUEIX LLEGINT<\/span>\n\t\t\t\t\t<\/span>\n\t\t\t\t\t<\/a>\n\t\t\t\t\t\t\t\t<\/div>\n\t\t\t\t\t<\/div>\n\t\t<\/div>\n\t\t\t\t\t<\/div>\n\t\t<\/section>\n\t\t\t\t<section class=\"elementor-section elementor-inner-section elementor-element elementor-element-6180efb elementor-section-full_width elementor-section-height-default elementor-section-height-default\" data-id=\"6180efb\" data-element_type=\"section\" data-e-type=\"section\">\n\t\t\t\t\t\t<div class=\"elementor-container elementor-column-gap-default\">\n\t\t\t\t\t<div class=\"elementor-column elementor-col-50 elementor-inner-column elementor-element elementor-element-10b6289\" data-id=\"10b6289\" data-element_type=\"column\" data-e-type=\"column\" data-settings=\"{&quot;background_background&quot;:&quot;classic&quot;}\">\n\t\t\t<div class=\"elementor-widget-wrap elementor-element-populated\">\n\t\t\t\t\t<div class=\"elementor-background-overlay\"><\/div>\n\t\t\t\t\t\t<div class=\"elementor-element elementor-element-85af269 elementor-widget elementor-widget-heading\" data-id=\"85af269\" data-element_type=\"widget\" data-e-type=\"widget\" data-widget_type=\"heading.default\">\n\t\t\t\t\t<h3 class=\"elementor-heading-title elementor-size-default\">An&agrave;lisi de patrimonis immobiliaris<\/h3>\t\t\t\t<\/div>\n\t\t\t\t<div class=\"elementor-element elementor-element-b8210cc elementor-widget-divider--view-line elementor-widget elementor-widget-divider\" data-id=\"b8210cc\" data-element_type=\"widget\" data-e-type=\"widget\" data-widget_type=\"divider.default\">\n\t\t\t\t\t\t\t<div class=\"elementor-divider\">\n\t\t\t<span class=\"elementor-divider-separator\">\n\t\t\t\t\t\t<\/span>\n\t\t<\/div>\n\t\t\t\t\t\t<\/div>\n\t\t\t\t<div class=\"elementor-element elementor-element-61c83fc elementor-widget elementor-widget-text-editor\" data-id=\"61c83fc\" data-element_type=\"widget\" data-e-type=\"widget\" data-widget_type=\"text-editor.default\">\n\t\t\t\t\t\t\t\t\t<p>Molts propietaris gaudeixen de les rendes del seu patrimoni immobiliari sense saber si est&agrave; ben dimensionat financerament ni si podrien aconseguir rendibilitats superiors mitjan&ccedil;ant inversions en un altre tipus d&apos;immobles.<\/p>\n\t\t\t\t\t\t\t\t<\/div>\n\t\t\t\t<div class=\"elementor-element elementor-element-ffc3aa0 elementor-widget elementor-widget-button\" data-id=\"ffc3aa0\" data-element_type=\"widget\" data-e-type=\"widget\" data-widget_type=\"button.default\">\n\t\t\t\t\t\t\t\t\t\t<a class=\"elementor-button elementor-button-link elementor-size-sm\" href=\"https:\/\/www.fincasalmendros.com\/ca\/anlisi-de-patrimonis-immobiliaris\/\">\n\t\t\t\t\t\t<span class=\"elementor-button-content-wrapper\">\n\t\t\t\t\t\t\t\t\t<span class=\"elementor-button-text\">SEGUEIX LLEGINT<\/span>\n\t\t\t\t\t<\/span>\n\t\t\t\t\t<\/a>\n\t\t\t\t\t\t\t\t<\/div>\n\t\t\t\t\t<\/div>\n\t\t<\/div>\n\t\t\t\t<div class=\"elementor-column elementor-col-50 elementor-inner-column elementor-element elementor-element-29e9761\" data-id=\"29e9761\" data-element_type=\"column\" data-e-type=\"column\" data-settings=\"{&quot;background_background&quot;:&quot;classic&quot;}\">\n\t\t\t<div class=\"elementor-widget-wrap elementor-element-populated\">\n\t\t\t\t\t<div class=\"elementor-background-overlay\"><\/div>\n\t\t\t\t\t\t<div class=\"elementor-element elementor-element-feafeee elementor-widget elementor-widget-heading\" data-id=\"feafeee\" data-element_type=\"widget\" data-e-type=\"widget\" data-widget_type=\"heading.default\">\n\t\t\t\t\t<h3 class=\"elementor-heading-title elementor-size-default\">Asseguran&ccedil;a d&apos;impagament de lloguers<\/h3>\t\t\t\t<\/div>\n\t\t\t\t<div class=\"elementor-element elementor-element-ca50304 elementor-widget-divider--view-line elementor-widget elementor-widget-divider\" data-id=\"ca50304\" data-element_type=\"widget\" data-e-type=\"widget\" data-widget_type=\"divider.default\">\n\t\t\t\t\t\t\t<div class=\"elementor-divider\">\n\t\t\t<span class=\"elementor-divider-separator\">\n\t\t\t\t\t\t<\/span>\n\t\t<\/div>\n\t\t\t\t\t\t<\/div>\n\t\t\t\t<div class=\"elementor-element elementor-element-3fe9707 elementor-widget elementor-widget-text-editor\" data-id=\"3fe9707\" data-element_type=\"widget\" data-e-type=\"widget\" data-widget_type=\"text-editor.default\">\n\t\t\t\t\t\t\t\t\t<p>L&apos;asseguran&ccedil;a d&apos;impagament de lloguers garanteix al propietari el cobrament de les rendes, per protegir-lo de possibles llogaters que no paguen el lloguer. La prima anual &eacute;s el 40&nbsp;% de l&rsquo;import d&rsquo;una mensualitat.<\/p>\n\t\t\t\t\t\t\t\t<\/div>\n\t\t\t\t\t<\/div>\n\t\t<\/div>\n\t\t\t\t\t<\/div>\n\t\t<\/section>\n\t\t\t\t\t<\/div>\n\t\t<\/div>\n\t\t\t\t\t<\/div>\n\t\t<\/section>\n\t\t\t\t<\/div>\n\t\t","protected":false},"excerpt":{"rendered":"<p>Oferim una \u00e0mplia gamma de serveis immobiliaris per satisfer diverses necessitats de propietaris i llogaters: Valoraci\u00f3 i taxaci\u00f3 d&#8217;immobles, essencials en un mercat en canvi constant Assegurances immobili\u00e0ries per oferir cobertura davant de possibles incidents Suport legal i contractual, tan necessari en aquest sector Professionals per a reformes, des de petites reparacions fins a construccions&hellip; <a class=\"more-link\" href=\"https:\/\/www.fincasalmendros.com\/ca\/serveis-immobiliaris-a-barcelona\/\">Continueu llegint <span class=\"screen-reader-text\">Serveis immobiliaris a Barcelona<\/span><\/a><\/p>\n","protected":false},"author":1,"featured_media":0,"parent":0,"menu_order":0,"comment_status":"closed","ping_status":"closed","template":"elementor_header_footer","meta":{"_acf_changed":false,"om_disable_all_campaigns":false,"_joinchat":[],"footnotes":""},"class_list":["post-143305","page","type-page","status-publish","hentry","entry"],"acf":[],"aioseo_notices":[],"_links":{"self":[{"href":"https:\/\/www.fincasalmendros.com\/ca\/wp-json\/wp\/v2\/pages\/143305","targetHints":{"allow":["GET"]}}],"collection":[{"href":"https:\/\/www.fincasalmendros.com\/ca\/wp-json\/wp\/v2\/pages"}],"about":[{"href":"https:\/\/www.fincasalmendros.com\/ca\/wp-json\/wp\/v2\/types\/page"}],"author":[{"embeddable":true,"href":"https:\/\/www.fincasalmendros.com\/ca\/wp-json\/wp\/v2\/users\/1"}],"replies":[{"embeddable":true,"href":"https:\/\/www.fincasalmendros.com\/ca\/wp-json\/wp\/v2\/comments?post=143305"}],"version-history":[{"count":0,"href":"https:\/\/www.fincasalmendros.com\/ca\/wp-json\/wp\/v2\/pages\/143305\/revisions"}],"wp:attachment":[{"href":"https:\/\/www.fincasalmendros.com\/ca\/wp-json\/wp\/v2\/media?parent=143305"}],"curies":[{"name":"wp","href":"https:\/\/api.w.org\/{rel}","templated":true}]}}