{"id":143319,"date":"2022-02-21T17:40:39","date_gmt":"2022-02-21T17:40:39","guid":{"rendered":"https:\/\/www.fincasalmendros.com\/poltica-de-privadesa\/"},"modified":"2022-03-29T11:46:30","modified_gmt":"2022-03-29T11:46:30","slug":"poltica-de-privadesa","status":"publish","type":"page","link":"https:\/\/www.fincasalmendros.com\/ca\/poltica-de-privadesa\/","title":{"rendered":"Pol&iacute;tica de privadesa"},"content":{"rendered":"\t\t<div data-elementor-type=\"wp-page\" data-elementor-id=\"143319\" class=\"elementor elementor-143319 elementor-138101\" data-elementor-post-type=\"page\">\n\t\t\t\t\t\t<section class=\"elementor-section elementor-top-section elementor-element elementor-element-104b13b3 elementor-section-boxed elementor-section-height-default elementor-section-height-default\" data-id=\"104b13b3\" data-element_type=\"section\" data-e-type=\"section\" data-settings=\"{&quot;background_background&quot;:&quot;classic&quot;}\">\n\t\t\t\t\t\t<div class=\"elementor-container elementor-column-gap-wider\">\n\t\t\t\t\t<div class=\"elementor-column elementor-col-100 elementor-top-column elementor-element elementor-element-76f95995\" data-id=\"76f95995\" data-element_type=\"column\" data-e-type=\"column\">\n\t\t\t<div class=\"elementor-widget-wrap elementor-element-populated\">\n\t\t\t\t\t\t<div class=\"elementor-element elementor-element-64514a8d elementor-widget elementor-widget-heading\" data-id=\"64514a8d\" data-element_type=\"widget\" data-e-type=\"widget\" data-widget_type=\"heading.default\">\n\t\t\t\t\t<h2 class=\"elementor-heading-title elementor-size-default\">Qu&egrave; s&oacute;n les galetes?<\/h2>\t\t\t\t<\/div>\n\t\t\t\t<div class=\"elementor-element elementor-element-6b467c68 elementor-widget-divider--view-line elementor-widget elementor-widget-divider\" data-id=\"6b467c68\" data-element_type=\"widget\" data-e-type=\"widget\" data-widget_type=\"divider.default\">\n\t\t\t\t\t\t\t<div class=\"elementor-divider\">\n\t\t\t<span class=\"elementor-divider-separator\">\n\t\t\t\t\t\t<\/span>\n\t\t<\/div>\n\t\t\t\t\t\t<\/div>\n\t\t\t\t<div class=\"elementor-element elementor-element-5f1b711 elementor-widget elementor-widget-text-editor\" data-id=\"5f1b711\" data-element_type=\"widget\" data-e-type=\"widget\" data-widget_type=\"text-editor.default\">\n\t\t\t\t\t\t\t\t\t<p>Les galetes s&oacute;n fitxers que es descarreguen a l&rsquo; ordinador quan accedeixes a determinades p&agrave;gines web. Les galetes permeten a una p&agrave;gina web, entre altres coses, emmagatzemar i recuperar informaci&oacute; sobre els h&agrave;bits de navegaci&oacute; d&apos;un usuari o del seu equip i, en funci&oacute; de la informaci&oacute; que continguin i com utilitzis el teu equip, es poden utilitzar per recon&egrave;ixer l&apos;usuari. El navegador de l&apos;usuari memoritza les galetes al disc dur nom&eacute;s durant la sessi&oacute; actual, de manera que ocupen un espai de mem&ograve;ria m&iacute;nim i no perjudiquen l&apos;ordinador. Les galetes no contenen cap mena d&apos;informaci&oacute; personal espec&iacute;fica i la majoria s&apos;esborren del disc dur quan finalitza la sessi&oacute; del navegador (les anomenades \u00abgaletes de sessi&oacute;\u00bb). La majoria dels navegadors accepten les galetes de manera predeterminada i, amb independ&egrave;ncia d&apos;aquestes, disposen de configuracions de seguretat per acceptar o rebutjar les galetes temporals o memoritzades. Sense el teu consentiment expr&eacute;s (mitjan&ccedil;ant l&apos;activaci&oacute; de les galetes al teu navegador), no enlla&ccedil;ar&agrave; a les galetes les dades memoritzades amb les teves dades personals proporcionades en el moment del registre o de la compra.<\/p>\n\t\t\t\t\t\t\t\t<\/div>\n\t\t\t\t\t<\/div>\n\t\t<\/div>\n\t\t\t\t\t<\/div>\n\t\t<\/section>\n\t\t\t\t<section class=\"elementor-section elementor-top-section elementor-element elementor-element-30774ae2 elementor-section-boxed elementor-section-height-default elementor-section-height-default\" data-id=\"30774ae2\" data-element_type=\"section\" data-e-type=\"section\">\n\t\t\t\t\t\t<div class=\"elementor-container elementor-column-gap-wider\">\n\t\t\t\t\t<div class=\"elementor-column elementor-col-100 elementor-top-column elementor-element elementor-element-2fea6c91\" data-id=\"2fea6c91\" data-element_type=\"column\" data-e-type=\"column\">\n\t\t\t<div class=\"elementor-widget-wrap elementor-element-populated\">\n\t\t\t\t\t\t<div class=\"elementor-element elementor-element-7205b83d elementor-widget elementor-widget-heading\" data-id=\"7205b83d\" data-element_type=\"widget\" data-e-type=\"widget\" data-widget_type=\"heading.default\">\n\t\t\t\t\t<h2 class=\"elementor-heading-title elementor-size-default\">Quins tipus de galetes utilitza aquest lloc web?<\/h2>\t\t\t\t<\/div>\n\t\t\t\t<div class=\"elementor-element elementor-element-da8a239 elementor-widget-divider--view-line elementor-widget elementor-widget-divider\" data-id=\"da8a239\" data-element_type=\"widget\" data-e-type=\"widget\" data-widget_type=\"divider.default\">\n\t\t\t\t\t\t\t<div class=\"elementor-divider\">\n\t\t\t<span class=\"elementor-divider-separator\">\n\t\t\t\t\t\t<\/span>\n\t\t<\/div>\n\t\t\t\t\t\t<\/div>\n\t\t\t\t<div class=\"elementor-element elementor-element-a6bbade elementor-widget elementor-widget-text-editor\" data-id=\"a6bbade\" data-element_type=\"widget\" data-e-type=\"widget\" data-widget_type=\"text-editor.default\">\n\t\t\t\t\t\t\t\t\t<p>&ndash; Galetes t&egrave;cniques: permeten que l&apos;usuari navegui per un lloc web, plataforma o aplicaci&oacute; i que accedeixi a les diferents opcions o serveis que contingui com, per exemple, controlar el tr&agrave;nsit i la comunicaci&oacute; de dades, identificar la sessi&oacute;, accedir a parts d&apos;acc&eacute;s restringit, recordar els elements que integren una comanda, dur a terme el proc&eacute;s de compra d&apos;una comanda, executar la sol\u00b7licitud d&apos;inscripci&oacute; o participaci&oacute; en un esdeveniment, utilitzar elements de seguretat durant la navegaci&oacute;, emmagatzemar continguts per difondre v&iacute;deos o so, o compartir continguts a trav&eacute;s de xarxes socials.<\/p>\n<p>&ndash; Galetes de personalitzaci&oacute;: permeten que l&rsquo;usuari accedeixi al servei, amb algunes caracter&iacute;stiques generals predefinides en funci&oacute; d&apos;una s&egrave;rie de criteris al terminal de l&apos;usuari, com l&apos;idioma, el tipus de navegador a trav&eacute;s del qual accedeix al servei, la configuraci&oacute; regional des d&apos;on accedeix al servei, etc.<\/p>\n<p>\u00a0<\/p>\n<p>&ndash; Galetes d&apos;an&agrave;lisi: quan estan que ben tractades per part nostra o de tercers, ens permeten quantificar el nombre d&apos;usuaris i realitzar el mesurament i l&apos;an&agrave;lisi estad&iacute;stica de la utilitzaci&oacute; que fan els usuaris del servei. Per aix&ograve;, s&apos;analitza la teva navegaci&oacute; al nostre web per tal de millorar l&apos;oferta de productes o serveis que t&rsquo;oferim.<\/p>\n<p>\u00a0<\/p>\n<p>&ndash; Galetes publicit&agrave;ries: quan estan que ben tractades per part nostra o de tercers, ens permeten gestionar de la manera m&eacute;s efica&ccedil; possible l&apos;oferta dels espais publicitaris del lloc web, per adequar l&apos;anunci al contingut del servei sol\u00b7licitat o a l&apos;&uacute;s que fas del nostre web. Amb aquest objectiu, podem analitzar els teus h&agrave;bits de navegaci&oacute; a Internet i mostrar publicitat relacionada amb el teu perfil de navegaci&oacute;.<\/p>\n<p>\u00a0<\/p>\n<p>&ndash; Galetes de publicitat conductual: permeten gestionar de la manera m&eacute;s efica&ccedil; possible els espais publicitaris que, si escau, l&apos;editor hagi incl&ograve;s en una p&agrave;gina web, una aplicaci&oacute; o una plataforma, des d&rsquo;on presta el servei sol\u00b7licitat. Aquestes galetes emmagatzemen informaci&oacute; del comportament dels usuaris obtinguda a trav&eacute;s de l&apos;observaci&oacute; continuada dels h&agrave;bits de navegaci&oacute;, cosa que permet desenvolupar un perfil espec&iacute;fic per mostrar publicitat en funci&oacute; d&rsquo;aquest.<\/p>\n<p>\u00a0<\/p>\n<p>&#8211; Galetes de tercers: el web https:\/\/www.fincasalmendros.com pot utilitzar serveis de tercers que, mitjan&ccedil;ant la recopilaci&oacute; d&rsquo;informaci&oacute; amb finalitats estad&iacute;stiques, d&apos;&uacute;s del web per part de l&apos;usuari i per prestar altres serveis relacionats amb l&apos;activitat del web i altres serveis d&rsquo;Internet. En particular, aquest lloc web utilitza Google Analytics, un servei anal&iacute;tic de web prestat per Google, Inc. amb domicili als Estats&nbsp;Units i seu central a 1600 Amphitheatre Parkway, Mountain View, Calif&ograve;rnia 94043. Per prestar aquests serveis, utilitzen galetes que recullen la informaci&oacute;, inclosa l&apos;adre&ccedil;a IP de l&apos;usuari, que Google transmetr&agrave;, tractar&agrave; i emmagatzemar&agrave; en els termes fixats al web Google.com. Es contempla la possible transmissi&oacute; de la informaci&oacute; a tercers per raons d&apos;exig&egrave;ncia legal o quan aquests tercers processin la informaci&oacute; per compte de Google. Per utilitzar aquest lloc web, l&apos;usuari accepta expressament el tractament de la informaci&oacute; obtinguda en la forma i amb les finalitats esmentades anteriorment. A m&eacute;s, l&rsquo;usuari reconeix que sap que pot rebutjar el tractament d&apos;aquestes dades o informaci&oacute; si rebutja l&apos;&uacute;s de galetes, mitjan&ccedil;ant la selecci&oacute; de la configuraci&oacute; apropiada per a aquesta finalitat al navegador. No obstant, aquesta opci&oacute; de bloqueig de galetes al navegador pot impedir l&apos;&uacute;s ple de totes les funcionalitats del lloc web. Pots permetre, bloquejar o eliminar les galetes instal\u00b7lades al teu equip mitjan&ccedil;ant la configuraci&oacute; de les opcions del navegador instal\u00b7lat a l&rsquo;ordinador: Chrome, Explorer, Firefox o Safari, entre d&rsquo;altres.<\/p>\n\t\t\t\t\t\t\t\t<\/div>\n\t\t\t\t\t<\/div>\n\t\t<\/div>\n\t\t\t\t\t<\/div>\n\t\t<\/section>\n\t\t\t\t<section class=\"elementor-section elementor-top-section elementor-element elementor-element-5a083024 elementor-section-boxed elementor-section-height-default elementor-section-height-default\" data-id=\"5a083024\" data-element_type=\"section\" data-e-type=\"section\" data-settings=\"{&quot;background_background&quot;:&quot;classic&quot;}\">\n\t\t\t\t\t\t<div class=\"elementor-container elementor-column-gap-wider\">\n\t\t\t\t\t<div class=\"elementor-column elementor-col-100 elementor-top-column elementor-element elementor-element-6cf2b5e2\" data-id=\"6cf2b5e2\" data-element_type=\"column\" data-e-type=\"column\">\n\t\t\t<div class=\"elementor-widget-wrap elementor-element-populated\">\n\t\t\t\t\t\t<div class=\"elementor-element elementor-element-306f1733 elementor-widget elementor-widget-heading\" data-id=\"306f1733\" data-element_type=\"widget\" data-e-type=\"widget\" data-widget_type=\"heading.default\">\n\t\t\t\t\t<h3 class=\"elementor-heading-title elementor-size-default\">Protecci&oacute; de dades<\/h3>\t\t\t\t<\/div>\n\t\t\t\t<div class=\"elementor-element elementor-element-6e936a73 elementor-widget-divider--view-line elementor-widget elementor-widget-divider\" data-id=\"6e936a73\" data-element_type=\"widget\" data-e-type=\"widget\" data-widget_type=\"divider.default\">\n\t\t\t\t\t\t\t<div class=\"elementor-divider\">\n\t\t\t<span class=\"elementor-divider-separator\">\n\t\t\t\t\t\t<\/span>\n\t\t<\/div>\n\t\t\t\t\t\t<\/div>\n\t\t\t\t<div class=\"elementor-element elementor-element-6f775b2e elementor-widget elementor-widget-text-editor\" data-id=\"6f775b2e\" data-element_type=\"widget\" data-e-type=\"widget\" data-widget_type=\"text-editor.default\">\n\t\t\t\t\t\t\t\t\t<p>En compliment del que estableix la Llei Org&agrave;nica 15\/1999, de 13 de desembre, de protecci&oacute; de dades de car&agrave;cter personal, t&rsquo;informem que les dades personals que ens puguis facilitar quedaran incloses als fitxers automatitzats que pertanyen a Almendros Bros SL, a qui et pots adre&ccedil;ar per exercir els teus drets d&apos;acc&eacute;s, rectificaci&oacute;, oposici&oacute; o cancel\u00b7laci&oacute; d&rsquo;instal\u00b7laci&oacute; previstos. Et pots dirigir per escrit a la direcci&oacute; de correu electr&ograve;nic <a href=\"mailto:info@fincasalmendros.com\">info@fincasalmendros.com<\/a>.<\/p>\n\t\t\t\t\t\t\t\t<\/div>\n\t\t\t\t\t<\/div>\n\t\t<\/div>\n\t\t\t\t\t<\/div>\n\t\t<\/section>\n\t\t\t\t<\/div>\n\t\t","protected":false},"excerpt":{"rendered":"<p>Qu\u00e8 s\u00f3n les galetes? Les galetes s\u00f3n fitxers que es descarreguen a l\u2019 ordinador quan accedeixes a determinades p\u00e0gines web. Les galetes permeten a una p\u00e0gina web, entre altres coses, emmagatzemar i recuperar informaci\u00f3 sobre els h\u00e0bits de navegaci\u00f3 d&#8217;un usuari o del seu equip i, en funci\u00f3 de la informaci\u00f3 que continguin i com&hellip; <a class=\"more-link\" href=\"https:\/\/www.fincasalmendros.com\/ca\/poltica-de-privadesa\/\">Continueu llegint <span class=\"screen-reader-text\">Pol&iacute;tica de privadesa<\/span><\/a><\/p>\n","protected":false},"author":1,"featured_media":0,"parent":0,"menu_order":0,"comment_status":"closed","ping_status":"closed","template":"elementor_header_footer","meta":{"_acf_changed":false,"om_disable_all_campaigns":false,"_joinchat":[],"footnotes":""},"class_list":["post-143319","page","type-page","status-publish","hentry","entry"],"acf":[],"aioseo_notices":[],"_links":{"self":[{"href":"https:\/\/www.fincasalmendros.com\/ca\/wp-json\/wp\/v2\/pages\/143319","targetHints":{"allow":["GET"]}}],"collection":[{"href":"https:\/\/www.fincasalmendros.com\/ca\/wp-json\/wp\/v2\/pages"}],"about":[{"href":"https:\/\/www.fincasalmendros.com\/ca\/wp-json\/wp\/v2\/types\/page"}],"author":[{"embeddable":true,"href":"https:\/\/www.fincasalmendros.com\/ca\/wp-json\/wp\/v2\/users\/1"}],"replies":[{"embeddable":true,"href":"https:\/\/www.fincasalmendros.com\/ca\/wp-json\/wp\/v2\/comments?post=143319"}],"version-history":[{"count":0,"href":"https:\/\/www.fincasalmendros.com\/ca\/wp-json\/wp\/v2\/pages\/143319\/revisions"}],"wp:attachment":[{"href":"https:\/\/www.fincasalmendros.com\/ca\/wp-json\/wp\/v2\/media?parent=143319"}],"curies":[{"name":"wp","href":"https:\/\/api.w.org\/{rel}","templated":true}]}}